{"id":15546,"date":"2015-09-08T11:45:26","date_gmt":"2015-09-08T09:45:26","guid":{"rendered":"http:\/\/www.kanzlei-boldt.de\/cms\/?page_id=15546"},"modified":"2026-04-14T21:45:23","modified_gmt":"2026-04-14T19:45:23","slug":"unsere-anwaelte","status":"publish","type":"page","link":"https:\/\/www.kanzlei-boldt.de\/?page_id=15546","title":{"rendered":"Unsere Anw\u00e4lte"},"content":{"rendered":"<section class=\"wpb-content-wrapper\"><p>[vc_row bg_image=&#8220;15908&#8243; bg_color=&#8220;#f9f9f9&#8243; top_padding=&#8220;120&#8243; bottom_padding=&#8220;120&#8243; bg_position=&#8220;center center&#8220;][vc_column width=&#8220;1\/1&#8243;]<h1 class=\"headline font-special fontsize-xxxxxl fontweight-700 lh-12 align-center transform-uppercase \" style=\"margin: 0 0 -10px 0; color: #ffffff;\">Unsere Anw\u00e4lte<\/p>\n<\/h1><div class=\"spacer\" style=\"height: 20px;\"><\/div><h2 class=\"headline font-inherit fontsize-xl fontweight-600 lh-inherit align-center transform-inherit \" style=\"margin: 0; color: #ffffff;\">Unsere Kanzlei ist im Jahre 1981 von Lutz Boldt gegr\u00fcndet worden.<\/p>\n<\/h2>[vc_column_text][\/vc_column_text][\/vc_column][\/vc_row][vc_row bg_color=&#8220;#ffffff&#8220; top_padding=&#8220;100&#8243; bottom_padding=&#8220;60&#8243;][vc_column width=&#8220;1\/1&#8243;][vc_row_inner][vc_column_inner width=&#8220;1\/2&#8243; animation=&#8220;none&#8220;]<div class=\"member wpb_content_element\"><div class=\"member-img\"><img decoding=\"async\" src=\"https:\/\/www.kanzlei-boldt.de\/cms\/wp-content\/uploads\/2019\/03\/boldtboldt-Lutz_boldt.jpg\" alt=\"\" \/><\/div><h4>Lutz Boldt<\/h4><div class=\"member-role\">Gr\u00fcnder der Kanzlei im Jahr 1981, hat das Jurastudium in Marburg absolviert.<\/div><div class=\"member-content\"><p>Nach T\u00e4tigkeiten als Sachbearbeiter f\u00fcr Gro\u00dfsch\u00e4den und angestellt in einem Anwaltsnotariat, entschloss sich Lutz Boldt zur Gr\u00fcndung einer eigenen Kanzlei, die zun\u00e4chst in der Sedanstra\u00dfe und sodann f\u00fcr lange Zeit in der Berliner Allee beheimatet gewesen ist.<\/p>\n<p>2023 hat Rechtsanwalt Lutz Boldt seinen verdienten Ruhestand angetreten und ist nur noch beratend f\u00fcr die Kanzlei t\u00e4tig.<\/p><\/div><ul class=\"social-icons clearfix\"><li class=\"social-icon social-email\"><a href=\"&#109;a&#105;l&#116;o&#x3a;i&#x6e;f&#x6f;&#64;&#x6b;a&#x6e;z&#x6c;e&#x69;-&#x62;o&#x6c;d&#x74;&#46;&#x64;&#101;\" title=\"Mail\"><i class=\"fa fa-send-o\"><\/i><\/a><\/li><\/ul><\/div>[\/vc_column_inner][vc_column_inner width=&#8220;1\/2&#8243; animation=&#8220;none&#8220;]<div class=\"member wpb_content_element\"><div class=\"member-img\"><img decoding=\"async\" src=\"https:\/\/www.kanzlei-boldt.de\/cms\/wp-content\/uploads\/2019\/03\/boldtboldt-Jens_boldt.jpg\" alt=\"\" \/><\/div><h4>Jens Boldt<\/h4><div class=\"member-role\">hat in Hannover studiert und ist 1998 unmittelbar nach Ablegen des zweiten juristischen Staatsexamens zur Rechtsanwaltschaft zugelassen worden.<\/div><div class=\"member-content\"><p>Bereits im Jahr 2001 ist Rechtsanwalt Jens Boldt das Recht verliehen worden, die Bezeichnung als \u201eFachanwalt f\u00fcr Familienrecht\u201c zu tragen, seit 2006 dazu den Titel als \u201eFachanwalt f\u00fcr Verkehrsrecht\u201c. Tr\u00e4ger dieser Bezeichnung haben zun\u00e4chst durch Teilnahme an einem anwaltsspezifischen Fachlehrgang (Mindestdauer 120 Stunden) besondere theoretische Kenntnisse erworben. Diese werden durch mindestens drei schriftliche bis zu f\u00fcnfst\u00fcndige Aufsichtsarbeiten kontrolliert. Zudem sind besondere praktische Erfahrungen nachzuweisen, etwa 120 F\u00e4lle im Familienrecht und 160 F\u00e4lle im Verkehrsrecht, die bei Antragstellung bereits weisungsfrei und mit Mindestanteil von gerichtlichen Verfahren bearbeitet worden sein m\u00fcssen. Schlie\u00dflich besteht die Pflicht, sich im Kalenderjahr im Umfang von mindestens 15 Stunden fortzubilden.<\/p>\n<div>Jens Boldt ist im Ehrenamt als Aufsichtsrat des Hannoverschen Sport-Vereins von 1896 e.V. (Hannover 96) t\u00e4tig.<\/div>\n<div><\/div>\n<div>\n<p>Er ist von der FIFA lizensierter Football Agent und somit berechtigt, im Namen der Klientin bzw. des Klienten an Vertrags- und Transferverhandlungen teilzunehmen.<\/p>\n<div>\n<p>Au\u00dferdem ist Rechtsanwalt Boldt als anwaltlicher Berater im Bereich des CarSharings aktiv.<\/p>\n<div>\n<p>Rechtsanwalt Jens Boldt ist Mitglied des \u00f6rtlichen Anwaltvereins, des Deutschen Anwaltvereins (DAV), sowie der Arbeitsgemeinschaften Verkehrsrecht, Familienrecht und Sportrecht im DAV.<\/p>\n<\/div>\n<\/div>\n<\/div><\/div><ul class=\"social-icons clearfix\"><li class=\"social-icon social-email\"><a href=\"m&#97;&#x69;&#x6c;&#x74;o&#58;&#x69;&#x6e;&#x66;o&#64;&#x6b;&#x61;&#x6e;z&#108;&#x65;&#x69;&#x2d;b&#111;&#x6c;&#x64;&#x74;&#46;&#100;&#x65;\" title=\"Mail\"><i class=\"fa fa-send-o\"><\/i><\/a><\/li><\/ul><\/div>[\/vc_column_inner][\/vc_row_inner][\/vc_column][\/vc_row][vc_row][vc_column][vc_column_text]<\/p>\n<p>[\/vc_column_text][\/vc_column][\/vc_row][vc_row][vc_column][vc_column_text]<\/p>\n<p>[\/vc_column_text][\/vc_column][\/vc_row][vc_row][vc_column][vc_column_text]<\/p>\n<p>[\/vc_column_text][\/vc_column][\/vc_row][vc_row][vc_column][vc_column_text]<\/p>\n<p>[\/vc_column_text][\/vc_column][\/vc_row][vc_row][vc_column][vc_column_text]<\/p>\n<p>[\/vc_column_text][\/vc_column][\/vc_row][vc_row][vc_column][vc_column_text]<\/p>\n<p>[\/vc_column_text][\/vc_column][\/vc_row][vc_row][vc_column][vc_column_text]<\/p>\n<p>[\/vc_column_text][\/vc_column][\/vc_row][vc_row][vc_column][vc_column_text]<\/p>\n<p>[\/vc_column_text][\/vc_column][\/vc_row][vc_row][vc_column][vc_column_text]<\/p>\n<p>[\/vc_column_text][\/vc_column][\/vc_row]<\/p>\n<\/section>","protected":false},"excerpt":{"rendered":"<p>[vc_row bg_image=&#8220;15908&#8243; bg_color=&#8220;#f9f9f9&#8243; top_padding=&#8220;120&#8243; bottom_padding=&#8220;120&#8243; bg_position=&#8220;center center&#8220;][vc_column width=&#8220;1\/1&#8243;][vc_column_text][\/vc_column_text][\/vc_column][\/vc_row][vc_row bg_color=&#8220;#ffffff&#8220; top_padding=&#8220;100&#8243; bottom_padding=&#8220;60&#8243;][vc_column width=&#8220;1\/1&#8243;][vc_row_inner][vc_column_inner width=&#8220;1\/2&#8243; animation=&#8220;none&#8220;][\/vc_column_inner][vc_column_inner width=&#8220;1\/2&#8243; animation=&#8220;none&#8220;][\/vc_column_inner][\/vc_row_inner][\/vc_column][\/vc_row][vc_row][vc_column][vc_column_text] [\/vc_column_text][\/vc_column][\/vc_row][vc_row][vc_column][vc_column_text] [\/vc_column_text][\/vc_column][\/vc_row][vc_row][vc_column][vc_column_text] [\/vc_column_text][\/vc_column][\/vc_row][vc_row][vc_column][vc_column_text] [\/vc_column_text][\/vc_column][\/vc_row][vc_row][vc_column][vc_column_text] [\/vc_column_text][\/vc_column][\/vc_row][vc_row][vc_column][vc_column_text] [\/vc_column_text][\/vc_column][\/vc_row][vc_row][vc_column][vc_column_text] [\/vc_column_text][\/vc_column][\/vc_row][vc_row][vc_column][vc_column_text] [\/vc_column_text][\/vc_column][\/vc_row][vc_row][vc_column][vc_column_text] [\/vc_column_text][\/vc_column][\/vc_row]<\/p>\n","protected":false},"author":1,"featured_media":0,"parent":0,"menu_order":0,"comment_status":"open","ping_status":"open","template":"","meta":{"_bbp_topic_count":0,"_bbp_reply_count":0,"_bbp_total_topic_count":0,"_bbp_total_reply_count":0,"_bbp_voice_count":0,"_bbp_anonymous_reply_count":0,"_bbp_topic_count_hidden":0,"_bbp_reply_count_hidden":0,"_bbp_forum_subforum_count":0,"footnotes":""},"class_list":["post-15546","page","type-page","status-publish","hentry"],"_links":{"self":[{"href":"https:\/\/www.kanzlei-boldt.de\/index.php?rest_route=\/wp\/v2\/pages\/15546","targetHints":{"allow":["GET"]}}],"collection":[{"href":"https:\/\/www.kanzlei-boldt.de\/index.php?rest_route=\/wp\/v2\/pages"}],"about":[{"href":"https:\/\/www.kanzlei-boldt.de\/index.php?rest_route=\/wp\/v2\/types\/page"}],"author":[{"embeddable":true,"href":"https:\/\/www.kanzlei-boldt.de\/index.php?rest_route=\/wp\/v2\/users\/1"}],"replies":[{"embeddable":true,"href":"https:\/\/www.kanzlei-boldt.de\/index.php?rest_route=%2Fwp%2Fv2%2Fcomments&post=15546"}],"version-history":[{"count":49,"href":"https:\/\/www.kanzlei-boldt.de\/index.php?rest_route=\/wp\/v2\/pages\/15546\/revisions"}],"predecessor-version":[{"id":15952,"href":"https:\/\/www.kanzlei-boldt.de\/index.php?rest_route=\/wp\/v2\/pages\/15546\/revisions\/15952"}],"wp:attachment":[{"href":"https:\/\/www.kanzlei-boldt.de\/index.php?rest_route=%2Fwp%2Fv2%2Fmedia&parent=15546"}],"curies":[{"name":"wp","href":"https:\/\/api.w.org\/{rel}","templated":true}]}}