{"id":15557,"date":"2015-09-08T11:57:00","date_gmt":"2015-09-08T09:57:00","guid":{"rendered":"http:\/\/www.kanzlei-boldt.de\/cms\/?page_id=15557"},"modified":"2025-12-15T12:31:32","modified_gmt":"2025-12-15T11:31:32","slug":"unsere-leistungen-3","status":"publish","type":"page","link":"https:\/\/www.kanzlei-boldt.de\/?page_id=15557","title":{"rendered":"Unsere Leistungen"},"content":{"rendered":"<section class=\"wpb-content-wrapper\"><p>[vc_row bg_image=&#8220;15797&#8243; bg_color=&#8220;#f9f9f9&#8243; top_padding=&#8220;120&#8243; bottom_padding=&#8220;120&#8243; bg_position=&#8220;center center&#8220;][vc_column column_center=&#8220;true&#8220; width=&#8220;1\/1&#8243;]<h1 class=\"headline font-special fontsize-xxxxxl fontweight-700 lh-12 align-center transform-uppercase \" style=\"margin: 0 0 -10px 0; color: #ffffff;\">Unsere Leistungen<\/p>\n<\/h1><div class=\"spacer\" style=\"height: 20px;\"><\/div><h2 class=\"headline font-inherit fontsize-xl fontweight-600 lh-inherit align-center transform-inherit \" style=\"margin: 0; color: rgba(255,255,255,0.84);\">Wir haben Erfahrung in vielen Bereichen des t\u00e4glichen privaten und gesch\u00e4ftlichen Lebens.<\/p>\n<\/h2>[\/vc_column][\/vc_row][vc_row][vc_column width=&#8220;1\/1&#8243;]<div class=\"spacer\" style=\"height: 80px;\"><\/div>[\/vc_column][\/vc_row][vc_row][vc_column width=&#8220;1\/2&#8243;][vc_column_text]<\/p>\n<h3>Vielfach sind es bereits juristische Begrifflichkeiten und unklare Zust\u00e4ndigkeiten und Rechtswege, bei denen wir behilflich sein k\u00f6nnen. Ob das die Geltendmachung oder die Abwehr von Forderungen betrifft, die Durchsetzung von Rechten, oder die Beratung \u00fcber den besten Weg, um am Ende eine befriedigende L\u00f6sung geschaffen zu haben.<\/h3>\n<h3>Die Kosten unserer T\u00e4tigkeit richten sich nach den gesetzlichen Vorschriften. Selbstverst\u00e4ndlich kl\u00e4ren wir Sie dar\u00fcber auf und beantworten Ihre Fragen.<\/h3>\n<p>[\/vc_column_text][\/vc_column][vc_column width=&#8220;1\/2&#8243;][vc_column_text]<strong>Wir sind vorwiegend t\u00e4tig in den Bereichen:<\/strong><\/p>\n<ul>\n<li>Verkehrsrecht<\/li>\n<li>Familienrecht<\/li>\n<li>Allgemeines Vertragsrecht<\/li>\n<li>Straf- und Bu\u00dfgeldrecht<\/li>\n<li>Sportrecht<\/li>\n<li>Arbeitsrecht<\/li>\n<\/ul>\n<p><strong>Im Verkehrsrecht ist Herrn Rechtsanwalt Jens Boldt der Titel eines Fachanwalts verliehen worden.<\/strong><\/p>\n<p>Vom Verkehrsrecht werden insbesondere folgende Angelegenheiten umfasst:<\/p>\n<ul>\n<li>Regulierung von Verkehrsunf\u00e4llen<\/li>\n<li>Anspr\u00fcche aus Kfz-Kaufvertr\u00e4gen bei Neu- und Gebrauchtfahrzeugen<\/li>\n<li>Anspr\u00fcche aus Leasing und Fahrzeugfinanzierung<\/li>\n<li>Unfallflucht<\/li>\n<li>Trunkenheit im Verkehr<\/li>\n<li>Fahren ohne Fahrerlaubnis<\/li>\n<li>Ordnungswidrigkeiten (z. B. Tempo- und Rotlichtverst\u00f6\u00dfe)<\/li>\n<li>Angelegenheiten der Fahrerlaubnis (Entziehung\/ Neuerteilung)<\/li>\n<li>Fahrerlaubnis auf Probe\/ Punktsystem<\/li>\n<\/ul>\n<p><strong>Im Familienrecht ist Herrn Rechtsanwalt Jens Boldt ebenfalls der Titel eines Fachanwalts verliehen worden.<\/strong><\/p>\n<p>Das Familienrecht wird nat\u00fcrlich gepr\u00e4gt von Trennung und Scheidung, einvernehmlich und streitig, betrifft aber auch z. B.<\/p>\n<ul>\n<li>Kindesunterhalt<\/li>\n<li>Ehegattenunterhalt<\/li>\n<li>Zugewinnausgleich<\/li>\n<li>Verm\u00f6gensauseinandersetzung<\/li>\n<li>Angelegenheiten der ehelichen Wohnung und des Hausrats<\/li>\n<li>Sorge- und Umgangsrecht<\/li>\n<\/ul>\n<p>[\/vc_column_text][\/vc_column][\/vc_row][vc_row][vc_column width=&#8220;1\/1&#8243;]<div class=\"spacer\" style=\"height: 80px;\"><\/div>[\/vc_column][\/vc_row]<\/p>\n<\/section>","protected":false},"excerpt":{"rendered":"<p>[vc_row bg_image=&#8220;15797&#8243; bg_color=&#8220;#f9f9f9&#8243; top_padding=&#8220;120&#8243; bottom_padding=&#8220;120&#8243; bg_position=&#8220;center center&#8220;][vc_column column_center=&#8220;true&#8220; width=&#8220;1\/1&#8243;][\/vc_column][\/vc_row][vc_row][vc_column width=&#8220;1\/1&#8243;][\/vc_column][\/vc_row][vc_row][vc_column width=&#8220;1\/2&#8243;][vc_column_text] Vielfach sind es bereits juristische Begrifflichkeiten und unklare Zust\u00e4ndigkeiten und Rechtswege, bei denen wir behilflich sein k\u00f6nnen. Ob das die Geltendmachung oder die Abwehr von Forderungen betrifft, die Durchsetzung von Rechten, oder die Beratung \u00fcber den besten Weg, um am Ende eine befriedigende L\u00f6sung geschaffen zu haben. Die Kosten unserer T\u00e4tigkeit richten sich nach den gesetzlichen Vorschriften. Selbstverst\u00e4ndlich kl\u00e4ren wir Sie dar\u00fcber auf und beantworten Ihre Fragen. [\/vc_column_text][\/vc_column][vc_column width=&#8220;1\/2&#8243;][vc_column_text]Wir sind vorwiegend t\u00e4tig in den Bereichen: Verkehrsrecht Familienrecht Allgemeines Vertragsrecht Straf- und Bu\u00dfgeldrecht Sportrecht Arbeitsrecht Im Verkehrsrecht ist Herrn Rechtsanwalt Jens Boldt der Titel eines Fachanwalts verliehen worden. Vom Verkehrsrecht werden insbesondere folgende Angelegenheiten umfasst: Regulierung von Verkehrsunf\u00e4llen Anspr\u00fcche aus Kfz-Kaufvertr\u00e4gen bei Neu- und Gebrauchtfahrzeugen Anspr\u00fcche aus Leasing und Fahrzeugfinanzierung Unfallflucht Trunkenheit im Verkehr Fahren ohne Fahrerlaubnis Ordnungswidrigkeiten (z. B. Tempo- und Rotlichtverst\u00f6\u00dfe) Angelegenheiten der Fahrerlaubnis (Entziehung\/ Neuerteilung) Fahrerlaubnis auf Probe\/ Punktsystem Im Familienrecht ist Herrn Rechtsanwalt Jens Boldt ebenfalls der Titel eines Fachanwalts verliehen worden. Das Familienrecht wird nat\u00fcrlich gepr\u00e4gt von Trennung und Scheidung, einvernehmlich und streitig, betrifft aber auch z. B. Kindesunterhalt Ehegattenunterhalt Zugewinnausgleich Verm\u00f6gensauseinandersetzung Angelegenheiten der ehelichen Wohnung und des Hausrats Sorge- und Umgangsrecht [\/vc_column_text][\/vc_column][\/vc_row][vc_row][vc_column width=&#8220;1\/1&#8243;][\/vc_column][\/vc_row]<\/p>\n","protected":false},"author":1,"featured_media":0,"parent":0,"menu_order":0,"comment_status":"open","ping_status":"open","template":"","meta":{"_bbp_topic_count":0,"_bbp_reply_count":0,"_bbp_total_topic_count":0,"_bbp_total_reply_count":0,"_bbp_voice_count":0,"_bbp_anonymous_reply_count":0,"_bbp_topic_count_hidden":0,"_bbp_reply_count_hidden":0,"_bbp_forum_subforum_count":0,"footnotes":""},"class_list":["post-15557","page","type-page","status-publish","hentry"],"_links":{"self":[{"href":"https:\/\/www.kanzlei-boldt.de\/index.php?rest_route=\/wp\/v2\/pages\/15557","targetHints":{"allow":["GET"]}}],"collection":[{"href":"https:\/\/www.kanzlei-boldt.de\/index.php?rest_route=\/wp\/v2\/pages"}],"about":[{"href":"https:\/\/www.kanzlei-boldt.de\/index.php?rest_route=\/wp\/v2\/types\/page"}],"author":[{"embeddable":true,"href":"https:\/\/www.kanzlei-boldt.de\/index.php?rest_route=\/wp\/v2\/users\/1"}],"replies":[{"embeddable":true,"href":"https:\/\/www.kanzlei-boldt.de\/index.php?rest_route=%2Fwp%2Fv2%2Fcomments&post=15557"}],"version-history":[{"count":36,"href":"https:\/\/www.kanzlei-boldt.de\/index.php?rest_route=\/wp\/v2\/pages\/15557\/revisions"}],"predecessor-version":[{"id":15863,"href":"https:\/\/www.kanzlei-boldt.de\/index.php?rest_route=\/wp\/v2\/pages\/15557\/revisions\/15863"}],"wp:attachment":[{"href":"https:\/\/www.kanzlei-boldt.de\/index.php?rest_route=%2Fwp%2Fv2%2Fmedia&parent=15557"}],"curies":[{"name":"wp","href":"https:\/\/api.w.org\/{rel}","templated":true}]}}