{"id":15563,"date":"2015-09-08T12:03:33","date_gmt":"2015-09-08T10:03:33","guid":{"rendered":"http:\/\/www.kanzlei-boldt.de\/cms\/?page_id=15563"},"modified":"2026-04-13T21:00:55","modified_gmt":"2026-04-13T19:00:55","slug":"formulare-und-links","status":"publish","type":"page","link":"https:\/\/www.kanzlei-boldt.de\/?page_id=15563","title":{"rendered":"Formulare und Links"},"content":{"rendered":"<section class=\"wpb-content-wrapper\"><p>[vc_row bg_image=&#8220;15813&#8243; bg_color=&#8220;#f9f9f9&#8243; top_padding=&#8220;120&#8243; bottom_padding=&#8220;120&#8243; bg_position=&#8220;center center&#8220;][vc_column width=&#8220;1\/1&#8243;]<h1 class=\"headline font-special fontsize-xxxxxl fontweight-700 lh-12 align-center transform-uppercase \" style=\"margin: 0 0 -10px 0; color: #ffffff;\">Formulare und Links<\/p>\n<\/h1><div class=\"spacer\" style=\"height: 20px;\"><\/div><h2 class=\"headline font-inherit fontsize-xl fontweight-600 lh-inherit align-center transform-inherit \" style=\"margin: 0; color: rgba(255,255,255,0.84);\">Wichtige Informationen, die Ihnen weiterhelfen k\u00f6nnen.<\/p>\n<\/h2>[\/vc_column][\/vc_row][vc_row][vc_column width=&#8220;1\/1&#8243;]<div class=\"spacer\" style=\"height: 80px;\"><\/div>[\/vc_column][\/vc_row][vc_row][vc_column width=&#8220;1\/2&#8243;][vc_column_text]<\/p>\n<h3>Hier finden Sie hilfreiche Informationen und Formulare.<\/h3>\n<p>Diese Website enth\u00e4lt Verkn\u00fcpfungen zu Websites Dritter (\u201eexterne Links\u201c). Diese Websites unterliegen der Haftung der jeweiligen Betreiber. Der Anbieter hat bei der erstmaligen Verkn\u00fcpfung der externen Links die fremden Inhalte daraufhin \u00fcberpr\u00fcft, ob etwaige Rechtsverst\u00f6\u00dfe bestehen. Zu dem Zeitpunkt waren keine Rechtsverst\u00f6\u00dfe ersichtlich. Der Anbieter hat keinerlei Einfluss auf die aktuelle und zuk\u00fcnftige Gestaltung und auf die Inhalte der verkn\u00fcpften Seiten. Das Setzen von externen Links bedeutet nicht, dass sich der Anbieter die hinter dem Verweis oder Link liegenden Inhalte zu Eigen macht. Eine st\u00e4ndige Kontrolle dieser externen Links\u00a0 ist f\u00fcr den Anbieter ohne konkrete Hinweise auf Rechtsverst\u00f6\u00dfe nicht zumutbar. Bei Kenntnis von Rechtsverst\u00f6\u00dfen werden jedoch derartige externe Links unverz\u00fcglich gel\u00f6scht.[\/vc_column_text][\/vc_column][vc_column width=&#8220;1\/2&#8243;]<div class=\"divider divider2\" style='margin:0px 5px 0 !important;'><\/div>[vc_column_text]<strong>\u2192 <a href=\"https:\/\/www.olg-duesseldorf.nrw.de\/infos\/Duesseldorfer_Tabelle\/index.php\" target=\"_blank\" rel=\"noopener noreferrer\">D\u00fcsseldorfer Tabelle<\/a><\/strong>[\/vc_column_text]<div class=\"divider divider2\" style='margin:-20px 0 0px 0 !important;'><\/div>[vc_column_text]<\/p>\n<p class=\"Textbody\">\u2192 <a href=\"http:\/\/www.oberlandesgericht-celle.niedersachsen.de\/rechtsprechung\/rechtsprechung-57561.html\" target=\"_blank\" rel=\"noopener noreferrer\"><strong><span class=\"StrongEmphasis\"><span lang=\"DE\">Unterhaltsrechtliche Leitlinien OLG Celle<\/span><\/span><\/strong><\/a><span class=\"StrongEmphasis\"><span lang=\"DE\"><br \/>\n<span style=\"color: #ffffff;\">\u2192<\/span> (Rechtsprechungsdatenbank OLG Celle)<\/span><\/span><\/p>\n<p>[\/vc_column_text]<div class=\"divider divider2\" style='margin:-20px 0 0px 0 !important;'><\/div>[vc_column_text]<\/p>\n<p class=\"Textbody\">\u2192 <a href=\"http:\/\/www.justizportal.niedersachsen.de\/startseite\/buergerservice\/formulare_und_hilfen\/beratungshilfe\/amtliche-vordrucke---beratungshilfe---56739.html\" target=\"_blank\" rel=\"noopener noreferrer\"><strong><span class=\"StrongEmphasis\"><span lang=\"DE\">Beratungshilfe <\/span><\/span><\/strong><\/a><br \/>\n<span class=\"StrongEmphasis\" style=\"color: #ffffff;\"><span lang=\"DE\">\u2192<\/span><\/span><span class=\"StrongEmphasis\"><span lang=\"DE\"> Antrag und Hinweise<\/span><\/span><\/p>\n<p>[\/vc_column_text]<div class=\"divider divider2\" style='margin:-20px 0 0px 0 !important;'><\/div>[vc_column_text]<\/p>\n<p class=\"Textbody\">\u2192 <a href=\"http:\/\/www.justizportal.niedersachsen.de\/startseite\/buergerservice\/formulare_und_hilfen\/prozess_und_verfahrenskostenhilfe\/\" target=\"_blank\" rel=\"noopener noreferrer\"><strong><span class=\"StrongEmphasis\"><span lang=\"DE\">Prozess- und Verfahrenskostenhilfe<\/span><\/span><\/strong><\/a><br \/>\n<span class=\"StrongEmphasis\"><span lang=\"DE\"><span style=\"color: #ffffff;\">\u2192<\/span> A<\/span><\/span><span class=\"StrongEmphasis\"><span lang=\"DE\">ntrag und Hinweise<\/span><\/span><\/p>\n<p>[\/vc_column_text]<div class=\"divider divider2\" style='margin:-20px 0 0px 0 !important;'><\/div>[vc_column_text]<\/p>\n<p class=\"Textbody\">\u2192 <a href=\"http:\/\/www.amtsgericht-hannover.niedersachsen.de\/service\/downloads\/downloads-63611.html\" target=\"_blank\" rel=\"noopener noreferrer\"><strong><span class=\"StrongEmphasis\"><span lang=\"DE\">Fragebogen zum Versorgungsausgleich<\/span><\/span><\/strong><\/a><\/p>\n<p>[\/vc_column_text][\/vc_column][\/vc_row][vc_row][vc_column width=&#8220;1\/1&#8243;]<div class=\"spacer\" style=\"height: 80px;\"><\/div>[\/vc_column][\/vc_row]<\/p>\n<\/section>","protected":false},"excerpt":{"rendered":"<p>[vc_row bg_image=&#8220;15813&#8243; bg_color=&#8220;#f9f9f9&#8243; top_padding=&#8220;120&#8243; bottom_padding=&#8220;120&#8243; bg_position=&#8220;center center&#8220;][vc_column width=&#8220;1\/1&#8243;][\/vc_column][\/vc_row][vc_row][vc_column width=&#8220;1\/1&#8243;][\/vc_column][\/vc_row][vc_row][vc_column width=&#8220;1\/2&#8243;][vc_column_text] Hier finden Sie hilfreiche Informationen und Formulare. Diese Website enth\u00e4lt Verkn\u00fcpfungen zu Websites Dritter (\u201eexterne Links\u201c). Diese Websites unterliegen der Haftung der jeweiligen Betreiber. Der Anbieter hat bei der erstmaligen Verkn\u00fcpfung der externen Links die fremden Inhalte daraufhin \u00fcberpr\u00fcft, ob etwaige Rechtsverst\u00f6\u00dfe bestehen. Zu dem Zeitpunkt waren keine Rechtsverst\u00f6\u00dfe ersichtlich. Der Anbieter hat keinerlei Einfluss auf die aktuelle und zuk\u00fcnftige Gestaltung und auf die Inhalte der verkn\u00fcpften Seiten. Das Setzen von externen Links bedeutet nicht, dass sich der Anbieter die hinter dem Verweis oder Link liegenden Inhalte zu Eigen macht. Eine st\u00e4ndige Kontrolle dieser externen Links\u00a0 ist f\u00fcr den Anbieter ohne konkrete Hinweise auf Rechtsverst\u00f6\u00dfe nicht zumutbar. Bei Kenntnis von Rechtsverst\u00f6\u00dfen werden jedoch derartige externe Links unverz\u00fcglich gel\u00f6scht.[\/vc_column_text][\/vc_column][vc_column width=&#8220;1\/2&#8243;][vc_column_text]\u2192 D\u00fcsseldorfer Tabelle[\/vc_column_text][vc_column_text] \u2192 Unterhaltsrechtliche Leitlinien OLG Celle \u2192 (Rechtsprechungsdatenbank OLG Celle) [\/vc_column_text][vc_column_text] \u2192 Beratungshilfe \u2192 Antrag und Hinweise [\/vc_column_text][vc_column_text] \u2192 Prozess- und Verfahrenskostenhilfe \u2192 Antrag und Hinweise [\/vc_column_text][vc_column_text] \u2192 Fragebogen zum Versorgungsausgleich [\/vc_column_text][\/vc_column][\/vc_row][vc_row][vc_column width=&#8220;1\/1&#8243;][\/vc_column][\/vc_row]<\/p>\n","protected":false},"author":1,"featured_media":0,"parent":0,"menu_order":0,"comment_status":"open","ping_status":"open","template":"","meta":{"_bbp_topic_count":0,"_bbp_reply_count":0,"_bbp_total_topic_count":0,"_bbp_total_reply_count":0,"_bbp_voice_count":0,"_bbp_anonymous_reply_count":0,"_bbp_topic_count_hidden":0,"_bbp_reply_count_hidden":0,"_bbp_forum_subforum_count":0,"footnotes":""},"class_list":["post-15563","page","type-page","status-publish","hentry"],"_links":{"self":[{"href":"https:\/\/www.kanzlei-boldt.de\/index.php?rest_route=\/wp\/v2\/pages\/15563","targetHints":{"allow":["GET"]}}],"collection":[{"href":"https:\/\/www.kanzlei-boldt.de\/index.php?rest_route=\/wp\/v2\/pages"}],"about":[{"href":"https:\/\/www.kanzlei-boldt.de\/index.php?rest_route=\/wp\/v2\/types\/page"}],"author":[{"embeddable":true,"href":"https:\/\/www.kanzlei-boldt.de\/index.php?rest_route=\/wp\/v2\/users\/1"}],"replies":[{"embeddable":true,"href":"https:\/\/www.kanzlei-boldt.de\/index.php?rest_route=%2Fwp%2Fv2%2Fcomments&post=15563"}],"version-history":[{"count":69,"href":"https:\/\/www.kanzlei-boldt.de\/index.php?rest_route=\/wp\/v2\/pages\/15563\/revisions"}],"predecessor-version":[{"id":15951,"href":"https:\/\/www.kanzlei-boldt.de\/index.php?rest_route=\/wp\/v2\/pages\/15563\/revisions\/15951"}],"wp:attachment":[{"href":"https:\/\/www.kanzlei-boldt.de\/index.php?rest_route=%2Fwp%2Fv2%2Fmedia&parent=15563"}],"curies":[{"name":"wp","href":"https:\/\/api.w.org\/{rel}","templated":true}]}}