{"id":15589,"date":"2015-09-08T12:34:59","date_gmt":"2015-09-08T10:34:59","guid":{"rendered":"http:\/\/www.kanzlei-boldt.de\/cms\/?page_id=15589"},"modified":"2026-01-06T10:33:56","modified_gmt":"2026-01-06T09:33:56","slug":"impressum","status":"publish","type":"page","link":"https:\/\/www.kanzlei-boldt.de\/?page_id=15589","title":{"rendered":"Impressum"},"content":{"rendered":"<section class=\"wpb-content-wrapper\"><p>[vc_row bg_image=&#8220;15808&#8243; bg_color=&#8220;#f9f9f9&#8243; top_padding=&#8220;120&#8243; bottom_padding=&#8220;120&#8243; bg_position=&#8220;center center&#8220;][vc_column width=&#8220;1\/1&#8243;]<h1 class=\"headline font-special fontsize-xxxxxl fontweight-700 lh-12 align-center transform-uppercase \" style=\"margin: 0 0 -10px 0; color: #ffffff;\">Impressum<\/p>\n<\/h1><div class=\"spacer\" style=\"height: 20px;\"><\/div><h2 class=\"headline font-inherit fontsize-xl fontweight-600 lh-inherit align-center transform-inherit \" style=\"margin: 0; color: rgba(255,255,255,0.71);\">Wichtiger Hinweis f\u00fcr die Besucher unserer Homepage:<\/p>\n<\/h2>[\/vc_column][\/vc_row][vc_row][vc_column width=&#8220;1\/1&#8243;]<div class=\"spacer\" style=\"height: 80px;\"><\/div>[\/vc_column][\/vc_row][vc_row][vc_column width=&#8220;1\/4&#8243;][vc_column_text]<strong>Rechtsanw\u00e4lte Lutz Boldt &amp; Jens Boldt<\/strong><br \/>\nHin\u00fcberstra\u00dfe 8<br \/>\n30175 Hannover<br \/>\nTelefon: 0511-34 89 90<br \/>\n<a href=\"&#109;&#x61;i&#x6c;&#x74;&#111;&#x3a;i&#110;&#x66;&#111;&#x40;k&#97;&#x6e;z&#x6c;e&#105;&#x2d;b&#x6f;&#x6c;&#100;&#x74;&#46;&#100;&#x65;\" rel=\"self\">&#x69;n&#x66;&#111;&#64;&#x6b;&#97;&#x6e;&#122;l&#x65;&#105;&#x2d;&#98;o&#x6c;&#100;&#x74;&#x2e;d&#x65;<\/a><\/p>\n<p><strong>Umsatzsteuer-Identifikationsnummer<\/strong><br \/>\nDE201084509<\/p>\n<p><strong>Berufshaftpflichtversicherung<\/strong><br \/>\nVGH<br \/>\nSchiffgraben 4<br \/>\n30159 Hannover<br \/>\nR\u00e4umlicher Geltungsbereich: Weltweit[\/vc_column_text][\/vc_column][vc_column width=&#8220;3\/4&#8243;][vc_column_text]Im Hinblick auf die gleiche Berufsbezeichnung in anderen deutschsprachigen EU-L\u00e4ndern m\u00f6chten wir Sie dar\u00fcber informieren, da\u00df wir Rechtsanw\u00e4lte in der Bundesrepublik Deutschland sind und daher speziellen berufsrechtlichen Regelungen unterliegen. Die ma\u00dfgeblichen Regelungen sind die Bundesrechtsanwaltsordnung (BRAO), die Berufsordnung (BORA), die Fachanwaltsordnung (FAO), das Rechtsanwaltsverg\u00fctungsgesetz (RVG), sowie f\u00fcr den Bereich des internationalen Rechtsverkehrs die &#8222;Standesregelung der Rechtsanw\u00e4lte in der Europ\u00e4ischen Gemeinschaft&#8220; (CCBE-Berufsregeln).N\u00e4here Informationen hierzu k\u00f6nnen Sie auf der Homepage der Bundesrechtsanwaltskammer unter <a href=\"http:\/\/www.brak.de\" target=\"_blank\" rel=\"external noopener noreferrer\">www.brak.de<\/a> abrufen.<\/p>\n<p><strong>Die f\u00fcr uns zust\u00e4ndige Berufsorganisation ist die:<\/strong><br \/>\nRechtsanwaltskammer Celle<br \/>\nBahnhofstra\u00dfe 5<br \/>\n29221 Celle<br \/>\n<a href=\"https:\/\/www.rakcelle.de\/\" target=\"_blank\" rel=\"noopener noreferrer\">www.rakcelle.de<\/a><\/p>\n<p><strong>Information gem\u00e4\u00df \u00a7 36 Verbraucherstreitbeilegungsgesetz (VSBG)<\/strong><\/p>\n<p>Zust\u00e4ndige Verbraucherschlichtungsstelle f\u00fcr verm\u00f6gensrechtliche Streitigkeiten aus einem Mandatsverh\u00e4ltnis ist die\u00a0<a href=\"http:\/\/www.schlichtungsstelle-der-rechtsanwaltschaft.de\/\">Schlichtungsstelle der Rechtsanwaltschaft<\/a>, Rauchstra\u00dfe 26, 10787 Berlin. Rechtsanw\u00e4lte sind allerdings nicht verpflichtet, an Streitbeilegungsverfahren vor einer Verbraucherschlichtungsstelle teilzunehmen.<\/p>\n<p><strong>Angaben nach Verordnung \u00fcber die Online-Streitbeilegung in Verbraucherangelegenheiten (ODR)<\/strong><\/p>\n<p><a href=\"http:\/\/ec.europa.eu\/consumers\/odr\/\" target=\"_blank\" rel=\"noopener noreferrer\">Plattform der EU zur au\u00dfergerichtlichen Online-Streitbeilegung<\/a><br \/>\n<a href=\"&#109;a&#x69;l&#x74;o&#x3a;&#105;&#x6e;&#102;&#x6f;&#64;k&#x61;n&#x7a;l&#x65;&#105;&#x2d;&#98;&#x6f;&#108;&#x64;&#116;&#46;&#x64;e\" rel=\"noopener\">Per Email erreichen Sie uns <\/a>[\/vc_column_text][\/vc_column][\/vc_row][vc_row][vc_column width=&#8220;1\/1&#8243;]<div class=\"spacer\" style=\"height: 80px;\"><\/div>[\/vc_column][\/vc_row]<\/p>\n<\/section>","protected":false},"excerpt":{"rendered":"<p>[vc_row bg_image=&#8220;15808&#8243; bg_color=&#8220;#f9f9f9&#8243; top_padding=&#8220;120&#8243; bottom_padding=&#8220;120&#8243; bg_position=&#8220;center center&#8220;][vc_column width=&#8220;1\/1&#8243;][\/vc_column][\/vc_row][vc_row][vc_column width=&#8220;1\/1&#8243;][\/vc_column][\/vc_row][vc_row][vc_column width=&#8220;1\/4&#8243;][vc_column_text]Rechtsanw\u00e4lte Lutz Boldt &amp; Jens Boldt Hin\u00fcberstra\u00dfe 8 30175 Hannover Telefon: 0511-34 89 90 &#x69;&#x6e;&#x66;&#x6f;&#x40;&#x6b;&#x61;&#x6e;&#x7a;&#x6c;&#x65;&#x69;&#x2d;&#x62;&#111;&#108;&#100;&#116;&#46;&#100;&#101; Umsatzsteuer-Identifikationsnummer DE201084509 Berufshaftpflichtversicherung VGH Schiffgraben 4 30159 Hannover R\u00e4umlicher Geltungsbereich: Weltweit[\/vc_column_text][\/vc_column][vc_column width=&#8220;3\/4&#8243;][vc_column_text]Im Hinblick auf die gleiche Berufsbezeichnung in anderen deutschsprachigen EU-L\u00e4ndern m\u00f6chten wir Sie dar\u00fcber informieren, da\u00df wir Rechtsanw\u00e4lte in der Bundesrepublik Deutschland sind und daher speziellen berufsrechtlichen Regelungen unterliegen. Die ma\u00dfgeblichen Regelungen sind die Bundesrechtsanwaltsordnung (BRAO), die Berufsordnung (BORA), die Fachanwaltsordnung (FAO), das Rechtsanwaltsverg\u00fctungsgesetz (RVG), sowie f\u00fcr den Bereich des internationalen Rechtsverkehrs die &#8222;Standesregelung der Rechtsanw\u00e4lte in der Europ\u00e4ischen Gemeinschaft&#8220; (CCBE-Berufsregeln).N\u00e4here Informationen hierzu k\u00f6nnen Sie auf der Homepage der Bundesrechtsanwaltskammer unter www.brak.de abrufen. Die f\u00fcr uns zust\u00e4ndige Berufsorganisation ist die: Rechtsanwaltskammer Celle Bahnhofstra\u00dfe 5 29221 Celle www.rakcelle.de Information gem\u00e4\u00df \u00a7 36 Verbraucherstreitbeilegungsgesetz (VSBG) Zust\u00e4ndige Verbraucherschlichtungsstelle f\u00fcr verm\u00f6gensrechtliche Streitigkeiten aus einem Mandatsverh\u00e4ltnis ist die\u00a0Schlichtungsstelle der Rechtsanwaltschaft, Rauchstra\u00dfe 26, 10787 Berlin. Rechtsanw\u00e4lte sind allerdings nicht verpflichtet, an Streitbeilegungsverfahren vor einer Verbraucherschlichtungsstelle teilzunehmen. Angaben nach Verordnung \u00fcber die Online-Streitbeilegung in Verbraucherangelegenheiten (ODR) Plattform der EU zur au\u00dfergerichtlichen Online-Streitbeilegung Per Email erreichen Sie uns [\/vc_column_text][\/vc_column][\/vc_row][vc_row][vc_column width=&#8220;1\/1&#8243;][\/vc_column][\/vc_row]<\/p>\n","protected":false},"author":1,"featured_media":0,"parent":0,"menu_order":0,"comment_status":"open","ping_status":"open","template":"","meta":{"_bbp_topic_count":0,"_bbp_reply_count":0,"_bbp_total_topic_count":0,"_bbp_total_reply_count":0,"_bbp_voice_count":0,"_bbp_anonymous_reply_count":0,"_bbp_topic_count_hidden":0,"_bbp_reply_count_hidden":0,"_bbp_forum_subforum_count":0,"footnotes":""},"class_list":["post-15589","page","type-page","status-publish","hentry"],"_links":{"self":[{"href":"https:\/\/www.kanzlei-boldt.de\/index.php?rest_route=\/wp\/v2\/pages\/15589","targetHints":{"allow":["GET"]}}],"collection":[{"href":"https:\/\/www.kanzlei-boldt.de\/index.php?rest_route=\/wp\/v2\/pages"}],"about":[{"href":"https:\/\/www.kanzlei-boldt.de\/index.php?rest_route=\/wp\/v2\/types\/page"}],"author":[{"embeddable":true,"href":"https:\/\/www.kanzlei-boldt.de\/index.php?rest_route=\/wp\/v2\/users\/1"}],"replies":[{"embeddable":true,"href":"https:\/\/www.kanzlei-boldt.de\/index.php?rest_route=%2Fwp%2Fv2%2Fcomments&post=15589"}],"version-history":[{"count":23,"href":"https:\/\/www.kanzlei-boldt.de\/index.php?rest_route=\/wp\/v2\/pages\/15589\/revisions"}],"predecessor-version":[{"id":15895,"href":"https:\/\/www.kanzlei-boldt.de\/index.php?rest_route=\/wp\/v2\/pages\/15589\/revisions\/15895"}],"wp:attachment":[{"href":"https:\/\/www.kanzlei-boldt.de\/index.php?rest_route=%2Fwp%2Fv2%2Fmedia&parent=15589"}],"curies":[{"name":"wp","href":"https:\/\/api.w.org\/{rel}","templated":true}]}}