{"id":419,"date":"2013-01-06T12:43:15","date_gmt":"2013-01-06T12:43:15","guid":{"rendered":"http:\/\/inovado2.mintithemes.com\/?page_id=13"},"modified":"2026-04-13T20:56:18","modified_gmt":"2026-04-13T18:56:18","slug":"home","status":"publish","type":"page","link":"https:\/\/www.kanzlei-boldt.de\/","title":{"rendered":"Home"},"content":{"rendered":"<section class=\"wpb-content-wrapper\"><p>[vc_row][vc_column width=&#8220;1\/1&#8243;][vc_column_text]<div id=\"metaslider-id-15759\" style=\"max-width: 1160px;\" class=\"ml-slider-3-108-0 metaslider metaslider-flex metaslider-15759 ml-slider has-dots-nav ms-theme-default\" role=\"region\" aria-label=\"New Slideshow\" data-height=\"500\" data-width=\"1160\">\n    <div id=\"metaslider_container_15759\">\n        <div id=\"metaslider_15759\">\n            <ul class='slides'>\n                <li style=\"display: block; width: 100%;\" class=\"slide-15760 ms-image \" aria-roledescription=\"slide\" data-date=\"2019-03-04 08:14:50\" data-filename=\"IMG_0885-2-scaled-1160x500.jpg\" data-slide-type=\"image\"><img loading=\"lazy\" decoding=\"async\" src=\"https:\/\/www.kanzlei-boldt.de\/cms\/wp-content\/uploads\/2026\/04\/IMG_0885-2-scaled-1160x500.jpg\" height=\"500\" width=\"1160\" alt=\"\" class=\"slider-15759 slide-15760 msDefaultImage\" title=\"IMG_0885-2\" \/><\/li>\n                <li style=\"display: none; width: 100%;\" class=\"slide-15911 ms-image \" aria-roledescription=\"slide\" data-date=\"2026-04-03 15:31:48\" data-filename=\"IMG_3283-scaled-1160x500.jpeg\" data-slide-type=\"image\"><img loading=\"lazy\" decoding=\"async\" src=\"https:\/\/www.kanzlei-boldt.de\/cms\/wp-content\/uploads\/2026\/04\/IMG_3283-scaled-1160x500.jpeg\" height=\"500\" width=\"1160\" alt=\"\" class=\"slider-15759 slide-15911 msDefaultImage\" title=\"IMG_3283\" \/><\/li>\n                <li style=\"display: none; width: 100%;\" class=\"slide-15761 ms-image \" aria-roledescription=\"slide\" data-date=\"2019-03-04 08:15:03\" data-filename=\"IMG_0895-2-scaled-1160x500.jpg\" data-slide-type=\"image\"><img loading=\"lazy\" decoding=\"async\" src=\"https:\/\/www.kanzlei-boldt.de\/cms\/wp-content\/uploads\/2026\/04\/IMG_0895-2-scaled-1160x500.jpg\" height=\"500\" width=\"1160\" alt=\"\" class=\"slider-15759 slide-15761 msDefaultImage\" title=\"IMG_0895-2\" \/><\/li>\n                <li style=\"display: none; width: 100%;\" class=\"slide-15762 ms-image \" aria-roledescription=\"slide\" data-date=\"2019-03-04 08:15:10\" data-filename=\"IMG_0897-scaled-1160x500.jpeg\" data-slide-type=\"image\"><img loading=\"lazy\" decoding=\"async\" src=\"https:\/\/www.kanzlei-boldt.de\/cms\/wp-content\/uploads\/2026\/04\/IMG_0897-scaled-1160x500.jpeg\" height=\"500\" width=\"1160\" alt=\"\" class=\"slider-15759 slide-15762 msDefaultImage\" title=\"IMG_0897\" \/><\/li>\n                <li style=\"display: none; width: 100%;\" class=\"slide-15812 ms-image \" aria-roledescription=\"slide\" data-date=\"2019-06-23 19:29:35\" data-filename=\"IMG_3287-scaled-1160x500.jpeg\" data-slide-type=\"image\"><img loading=\"lazy\" decoding=\"async\" src=\"https:\/\/www.kanzlei-boldt.de\/cms\/wp-content\/uploads\/2026\/04\/IMG_3287-scaled-1160x500.jpeg\" height=\"500\" width=\"1160\" alt=\"\" class=\"slider-15759 slide-15812 msDefaultImage\" title=\"IMG_3287\" \/><\/li>\n                <li style=\"display: none; width: 100%;\" class=\"slide-15910 ms-image \" aria-roledescription=\"slide\" data-date=\"2026-04-03 15:26:04\" data-filename=\"IMG_0901-2-scaled-1160x500.jpg\" data-slide-type=\"image\"><img loading=\"lazy\" decoding=\"async\" src=\"https:\/\/www.kanzlei-boldt.de\/cms\/wp-content\/uploads\/2026\/04\/IMG_0901-2-scaled-1160x500.jpg\" height=\"500\" width=\"1160\" alt=\"\" class=\"slider-15759 slide-15910 msDefaultImage\" title=\"IMG_0901-2\" \/><\/li>\n                <li style=\"display: none; width: 100%;\" class=\"slide-15914 ms-image \" aria-roledescription=\"slide\" data-date=\"2026-04-03 15:33:23\" data-filename=\"Ansicht_Gericht_2-1160x500.jpg\" data-slide-type=\"image\"><img loading=\"lazy\" decoding=\"async\" src=\"https:\/\/www.kanzlei-boldt.de\/cms\/wp-content\/uploads\/2026\/04\/Ansicht_Gericht_2-1160x500.jpg\" height=\"500\" width=\"1160\" alt=\"\" class=\"slider-15759 slide-15914 msDefaultImage\" title=\"Ansicht_Gericht_2\" \/><\/li>\n            <\/ul>\n        <\/div>\n        \n    <\/div>\n<\/div>[\/vc_column_text][\/vc_column][\/vc_row][vc_row content_placement=&#8220;top&#8220; bg_color=&#8220;#ffffff&#8220; top_padding=&#8220;0&#8243; bg_position=&#8220;left top&#8220;][vc_column bg_color=&#8220;#707070&#8243; text_color=&#8220;light&#8220; text_align=&#8220;center&#8220; width=&#8220;1\/1&#8243;][vc_column_text]<h1 class=\"headline font-special fontsize-m fontweight-400 lh-14 align-center transform-uppercase \" style=\"margin: 0px 0px 0px 0px;\">Wir sind umgezogen.<\/p>\n<div><\/div>\n<div>Sie finden uns in der Hin\u00fcberstra\u00dfe 8,<\/div>\n<div><\/div>\n<div>in unmittelbarer N\u00e4he<\/div>\n<div><\/div>\n<div>zu allen hannoverschen Gerichten.<\/h1><\/div>\n<p>[\/vc_column_text][\/vc_column][vc_column][vc_column_text][\/vc_column_text][\/vc_column][\/vc_row][vc_row content_placement=&#8220;top&#8220; bg_color=&#8220;#ffffff&#8220; top_padding=&#8220;0&#8243; bg_position=&#8220;left top&#8220;][vc_column width=&#8220;1\/1&#8243;][vc_column_text]<h1 class=\"headline font-special fontsize-xxl fontweight-700 lh-14 align-center transform-uppercase \" style=\"margin: 0px 0px 0px 0px;\">Wir sind f\u00fcr Sie da.<\/h1><div class=\"spacer\" style=\"height: 60px;\"><\/div><div class=\"headline font-inherit fontsize-m fontweight-700 lh-inherit align-center transform-inherit \" style=\"margin: 0; color: #999999;\">Es gibt mannigfaltige Situationen, in denen Unterst\u00fctzung notwendig ist. Im Privaten, im Gesch\u00e4ftlichen, bei kleinen und bei gro\u00dfen Aufgaben. Das ist in hohem Ma\u00dfe individuell und situationsabh\u00e4ngig.<br \/>\n<\/div><div class=\"spacer\" style=\"height: 60px;\"><\/div>[\/vc_column_text][\/vc_column][\/vc_row][vc_row][vc_column width=&#8220;1\/2&#8243;][vc_column_text]Wir betrachten es als unsere wichtigste Aufgabe, mit dem Mandanten zusammen das Problem zu analysieren und gemeinsam Wege zu finden, wie das Problem zufriedenstellend gel\u00f6st werden kann. Dieser Weg ist h\u00f6chst individuell, und nur zu finden, wenn Mandant und Anwalt vertrauensvoll und in Teamwork zusammenarbeiten.[\/vc_column_text][\/vc_column][vc_column width=&#8220;1\/2&#8243;][vc_column_text]Dabei kann es durchaus vorkommen, dass bereits in au\u00dfergerichtlichen Verhandlungen ein gutes Ergebnis erzielt wird. Manchmal ist es jedoch unumg\u00e4nglich, den steinigen Weg der gerichtlichen Auseinandersetzung zu gehen, eine Mediation anzuregen, oder \u2013 selbst das ist ein denkbarer Weg \u2013 den Anspruch einfach nicht mehr zu verfolgen, auch wenn das \u201eungerecht\u201c erscheint.[\/vc_column_text][\/vc_column][\/vc_row][vc_row][vc_column width=&#8220;1\/1&#8243;]<div class=\"spacer\" style=\"height: 30px;\"><\/div><div class=\"headline font-inherit fontsize-m fontweight-400 lh-inherit align-center transform-inherit \" style=\"margin: 0; color: #999999;\">Wir k\u00f6nnen und wollen mit Ihnen gemeinsam diesen Weg finden und beschreiten.<br \/>\n<\/div><div class=\"spacer\" style=\"height: 120px;\"><\/div>[\/vc_column][\/vc_row]<\/p>\n<\/section>","protected":false},"excerpt":{"rendered":"<p>[vc_row][vc_column width=&#8220;1\/1&#8243;][vc_column_text][\/vc_column_text][\/vc_column][\/vc_row][vc_row content_placement=&#8220;top&#8220; bg_color=&#8220;#ffffff&#8220; top_padding=&#8220;0&#8243; bg_position=&#8220;left top&#8220;][vc_column bg_color=&#8220;#707070&#8243; text_color=&#8220;light&#8220; text_align=&#8220;center&#8220; width=&#8220;1\/1&#8243;][vc_column_text] [\/vc_column_text][\/vc_column][vc_column][vc_column_text][\/vc_column_text][\/vc_column][\/vc_row][vc_row content_placement=&#8220;top&#8220; bg_color=&#8220;#ffffff&#8220; top_padding=&#8220;0&#8243; bg_position=&#8220;left top&#8220;][vc_column width=&#8220;1\/1&#8243;][vc_column_text][\/vc_column_text][\/vc_column][\/vc_row][vc_row][vc_column width=&#8220;1\/2&#8243;][vc_column_text]Wir betrachten es als unsere wichtigste Aufgabe, mit dem Mandanten zusammen das Problem zu analysieren und gemeinsam Wege zu finden, wie das Problem zufriedenstellend gel\u00f6st werden kann. Dieser Weg ist h\u00f6chst individuell, und nur zu finden, wenn Mandant und Anwalt vertrauensvoll und in Teamwork zusammenarbeiten.[\/vc_column_text][\/vc_column][vc_column width=&#8220;1\/2&#8243;][vc_column_text]Dabei kann es durchaus vorkommen, dass bereits in au\u00dfergerichtlichen Verhandlungen ein gutes Ergebnis erzielt wird. Manchmal ist es jedoch unumg\u00e4nglich, den steinigen Weg der gerichtlichen Auseinandersetzung zu gehen, eine Mediation anzuregen, oder \u2013 selbst das ist ein denkbarer Weg \u2013 den Anspruch einfach nicht mehr zu verfolgen, auch wenn das \u201eungerecht\u201c erscheint.[\/vc_column_text][\/vc_column][\/vc_row][vc_row][vc_column width=&#8220;1\/1&#8243;][\/vc_column][\/vc_row]<\/p>\n","protected":false},"author":1,"featured_media":0,"parent":0,"menu_order":0,"comment_status":"closed","ping_status":"open","template":"","meta":{"_bbp_topic_count":0,"_bbp_reply_count":0,"_bbp_total_topic_count":0,"_bbp_total_reply_count":0,"_bbp_voice_count":0,"_bbp_anonymous_reply_count":0,"_bbp_topic_count_hidden":0,"_bbp_reply_count_hidden":0,"_bbp_forum_subforum_count":0,"footnotes":""},"class_list":["post-419","page","type-page","status-publish","hentry"],"_links":{"self":[{"href":"https:\/\/www.kanzlei-boldt.de\/index.php?rest_route=\/wp\/v2\/pages\/419","targetHints":{"allow":["GET"]}}],"collection":[{"href":"https:\/\/www.kanzlei-boldt.de\/index.php?rest_route=\/wp\/v2\/pages"}],"about":[{"href":"https:\/\/www.kanzlei-boldt.de\/index.php?rest_route=\/wp\/v2\/types\/page"}],"author":[{"embeddable":true,"href":"https:\/\/www.kanzlei-boldt.de\/index.php?rest_route=\/wp\/v2\/users\/1"}],"replies":[{"embeddable":true,"href":"https:\/\/www.kanzlei-boldt.de\/index.php?rest_route=%2Fwp%2Fv2%2Fcomments&post=419"}],"version-history":[{"count":62,"href":"https:\/\/www.kanzlei-boldt.de\/index.php?rest_route=\/wp\/v2\/pages\/419\/revisions"}],"predecessor-version":[{"id":15949,"href":"https:\/\/www.kanzlei-boldt.de\/index.php?rest_route=\/wp\/v2\/pages\/419\/revisions\/15949"}],"wp:attachment":[{"href":"https:\/\/www.kanzlei-boldt.de\/index.php?rest_route=%2Fwp%2Fv2%2Fmedia&parent=419"}],"curies":[{"name":"wp","href":"https:\/\/api.w.org\/{rel}","templated":true}]}}